{"id":15192,"date":"2026-04-03T10:56:43","date_gmt":"2026-04-03T10:56:43","guid":{"rendered":"https:\/\/avukatsitesi.webboll.com\/?page_id=15192"},"modified":"2026-04-03T10:57:14","modified_gmt":"2026-04-03T10:57:14","slug":"online-danismanlik","status":"publish","type":"page","link":"https:\/\/avukatsitesi.webboll.com\/index.php\/online-danismanlik\/","title":{"rendered":"Online Dan\u0131\u015fmanl\u0131k"},"content":{"rendered":"\t\t<div data-elementor-type=\"wp-page\" data-elementor-id=\"15192\" class=\"elementor elementor-15192\">\n\t\t\t\t<div class=\"elementor-element elementor-element-4ef50a4 e-flex e-con-boxed e-con e-parent\" data-id=\"4ef50a4\" data-element_type=\"container\" data-e-type=\"container\">\n\t\t\t\t\t<div class=\"e-con-inner\">\n\t\t\t\t<div class=\"elementor-element elementor-element-c222e1e elementor-widget elementor-widget-shortcode\" data-id=\"c222e1e\" data-element_type=\"widget\" data-e-type=\"widget\" data-widget_type=\"shortcode.default\">\n\t\t\t\t\t\t\t<div class=\"elementor-shortcode\">\n<div class=\"wplegal-personel-grid\">\n    <div class=\"wplegal-personel-kart\">\n\n          <img decoding=\"async\" src=\"https:\/\/avukatsitesi.webboll.com\/wp-content\/uploads\/2026\/04\/019-lawyer-1-2.png\"\n           alt=\"Ye\u015fim \u015eim\u015fek\">\n    \n    <h4>Ye\u015fim \u015eim\u015fek<\/h4>\n    <div class=\"unvan\">Avukat<\/div>\n\n        <div class=\"wplegal-uzmanlik-tags\">\n              <span class=\"wplegal-tag\">Aile Hukuku<\/span>\n              <span class=\"wplegal-tag\">Miras Hukuku<\/span>\n              <span class=\"wplegal-tag\">Ceza Hukuku<\/span>\n          <\/div>\n    \n    <div style=\"font-weight:700;color:#2271b1;font-size:17px;margin:12px 0 16px;\">\n      4.000 \u20ba\n      <span style=\"font-size:12px;font-weight:400;color:#666;\">\/ g\u00f6r\u00fc\u015fme<\/span>\n    <\/div>\n\n    <a href=\"https:\/\/avukatsitesi.webboll.com\/index.php\/dersler\/?wplegal_personel=1\"\n       class=\"wplegal-randevu-al-btn wplegal-btn wplegal-btn-primary\"\n       data-pid=\"1\"\n       style=\"display:inline-block;text-decoration:none;\">\n      Randevu Al    <\/a>\n\n  <\/div>\n    <div class=\"wplegal-personel-kart\">\n\n          <div style=\"width:88px;height:88px;border-radius:50%;background:#e0e8f0;\n                  margin:0 auto 14px;display:flex;align-items:center;justify-content:center;\">\n        <span class=\"dashicons dashicons-admin-users\" style=\"font-size:44px;color:#aaa;\"><\/span>\n      <\/div>\n    \n    <h4>\u00d6\u011fretmen Ali<\/h4>\n    <div class=\"unvan\">\u00d6\u011fretmen<\/div>\n\n    \n    <div style=\"font-weight:700;color:#2271b1;font-size:17px;margin:12px 0 16px;\">\n      1.000 \u20ba\n      <span style=\"font-size:12px;font-weight:400;color:#666;\">\/ g\u00f6r\u00fc\u015fme<\/span>\n    <\/div>\n\n    <a href=\"https:\/\/avukatsitesi.webboll.com\/index.php\/dersler\/?wplegal_personel=2\"\n       class=\"wplegal-randevu-al-btn wplegal-btn wplegal-btn-primary\"\n       data-pid=\"2\"\n       style=\"display:inline-block;text-decoration:none;\">\n      Randevu Al    <\/a>\n\n  <\/div>\n  <\/div>\n<\/div>\n\t\t\t\t\t\t<\/div>\n\t\t\t\t\t<\/div>\n\t\t\t\t<\/div>\n\t\t\t\t<\/div>\n\t\t","protected":false},"excerpt":{"rendered":"","protected":false},"author":1,"featured_media":0,"parent":0,"menu_order":0,"comment_status":"closed","ping_status":"closed","template":"","meta":{"footnotes":""},"class_list":["post-15192","page","type-page","status-publish","hentry"],"_links":{"self":[{"href":"https:\/\/avukatsitesi.webboll.com\/index.php\/wp-json\/wp\/v2\/pages\/15192","targetHints":{"allow":["GET"]}}],"collection":[{"href":"https:\/\/avukatsitesi.webboll.com\/index.php\/wp-json\/wp\/v2\/pages"}],"about":[{"href":"https:\/\/avukatsitesi.webboll.com\/index.php\/wp-json\/wp\/v2\/types\/page"}],"author":[{"embeddable":true,"href":"https:\/\/avukatsitesi.webboll.com\/index.php\/wp-json\/wp\/v2\/users\/1"}],"replies":[{"embeddable":true,"href":"https:\/\/avukatsitesi.webboll.com\/index.php\/wp-json\/wp\/v2\/comments?post=15192"}],"version-history":[{"count":4,"href":"https:\/\/avukatsitesi.webboll.com\/index.php\/wp-json\/wp\/v2\/pages\/15192\/revisions"}],"predecessor-version":[{"id":15196,"href":"https:\/\/avukatsitesi.webboll.com\/index.php\/wp-json\/wp\/v2\/pages\/15192\/revisions\/15196"}],"wp:attachment":[{"href":"https:\/\/avukatsitesi.webboll.com\/index.php\/wp-json\/wp\/v2\/media?parent=15192"}],"curies":[{"name":"wp","href":"https:\/\/api.w.org\/{rel}","templated":true}]}}