{"id":15038,"date":"2026-04-03T07:43:12","date_gmt":"2026-04-03T07:43:12","guid":{"rendered":"https:\/\/avukatsitesi.webboll.com\/?page_id=15038"},"modified":"2026-04-03T08:09:53","modified_gmt":"2026-04-03T08:09:53","slug":"hakkimizda","status":"publish","type":"page","link":"https:\/\/avukatsitesi.webboll.com\/index.php\/hakkimizda\/","title":{"rendered":"HAKKIMIZDA"},"content":{"rendered":"\t\t<div data-elementor-type=\"wp-page\" data-elementor-id=\"15038\" class=\"elementor elementor-15038\">\n\t\t\t\t<div class=\"elementor-element elementor-element-7f50798 e-flex e-con-boxed e-con e-parent\" data-id=\"7f50798\" data-element_type=\"container\" data-e-type=\"container\">\n\t\t\t\t\t<div class=\"e-con-inner\">\n\t\t\t\t<div class=\"elementor-element elementor-element-f3ce4f5 elementor-widget__width-initial elementor-widget elementor-widget-themeht-anim-heading\" data-id=\"f3ce4f5\" data-element_type=\"widget\" data-e-type=\"widget\" data-widget_type=\"themeht-anim-heading.default\">\n\t\t\t\t<div class=\"elementor-widget-container\">\n\t\t\t\t\t\r\n        <div class=\"themeht-anim-heading center\">\r\n            <h2 class=\"themeht-anim-text  \">\r\n                Hukukukn \u00fcst\u00fcnl\u00fc\u011f\u00fc i\u00e7int\u00fcm g\u00fcc\u00fcm\u00fczle \u00e7al\u0131\u015f\u0131yoruz            <\/h2>\r\n        <\/div>\r\n\r\n        \t\t\t\t<\/div>\n\t\t\t\t<\/div>\n\t\t\t\t\t<\/div>\n\t\t\t\t<\/div>\n\t\t<div class=\"elementor-element elementor-element-b3263f6 e-flex e-con-boxed e-con e-parent\" data-id=\"b3263f6\" data-element_type=\"container\" data-e-type=\"container\">\n\t\t\t\t\t<div class=\"e-con-inner\">\n\t\t<div class=\"elementor-element elementor-element-225b64e e-con-full e-flex e-con e-child\" data-id=\"225b64e\" data-element_type=\"container\" data-e-type=\"container\">\n\t\t\t\t<div class=\"elementor-element elementor-element-ab59f67 elementor-widget elementor-widget-about-one\" data-id=\"ab59f67\" data-element_type=\"widget\" data-e-type=\"widget\" data-widget_type=\"about-one.default\">\n\t\t\t\t<div class=\"elementor-widget-container\">\n\t\t\t\t\t\r\n        <div class=\"about-one-sec\">\r\n\r\n    \r\n    <div class=\"about-one-right\">\r\n        <div class=\"about-one-right-number\">\r\n        \r\n                <h3 class=\"about-big-text\">\r\n        13    <\/h3>\r\n            \r\n                            <div class=\"about-roted-text\">\r\n                    <h6>Y\u0131ll\u0131k hukuksal tecr\u00fcbe<\/h6>\r\n                <\/div>\r\n                        \r\n        <\/div>\r\n\r\n        <div class=\"about-one-left-image\">\r\n                            <div class=\"about-one-image-group\">\r\n                                            <img decoding=\"async\" class=\"img-fluid\" src=\"https:\/\/mednix.themeht.com\/wp-content\/uploads\/2025\/09\/doctor01.jpg\" alt=\"Image\">\r\n                                    <\/div>\r\n            \r\n                            <h6>Avukatlar\u0131m\u0131z<\/h6>\r\n                    <\/div>\r\n    <\/div>\r\n<\/div>\r\n\r\n\r\n        \t\t\t\t<\/div>\n\t\t\t\t<\/div>\n\t\t\t\t<\/div>\n\t\t<div class=\"elementor-element elementor-element-61c5c1d e-con-full e-flex e-con e-child\" data-id=\"61c5c1d\" data-element_type=\"container\" data-e-type=\"container\">\n\t\t\t\t<div class=\"elementor-element elementor-element-8b5c648 elementor-widget elementor-widget-text-editor\" data-id=\"8b5c648\" data-element_type=\"widget\" data-e-type=\"widget\" data-widget_type=\"text-editor.default\">\n\t\t\t\t\t\t\t\t\t<p>We\u2019re committed to offering compassionate and comprehensive healthcare tailored to your needs. At Mednix, your health is our priority every step of the way. Our expert team combines state-of-the-art technology with personalized care to provide treatments designed around your unique health needs.<\/p>\t\t\t\t\t\t\t\t<\/div>\n\t\t\t\t<div class=\"elementor-element elementor-element-f510723 elementor-widget elementor-widget-heading\" data-id=\"f510723\" data-element_type=\"widget\" data-e-type=\"widget\" data-widget_type=\"heading.default\">\n\t\t\t\t\t<span class=\"elementor-heading-title elementor-size-default\">Let\u2019s create something extraordinary!<\/span>\t\t\t\t<\/div>\n\t\t\t\t<\/div>\n\t\t\t\t\t<\/div>\n\t\t\t\t<\/div>\n\t\t<div class=\"elementor-element elementor-element-2840b50 e-con-full dark-bg e-flex e-con e-parent\" data-id=\"2840b50\" data-element_type=\"container\" data-e-type=\"container\" data-settings=\"{&quot;background_background&quot;:&quot;classic&quot;}\">\n\t\t<div class=\"elementor-element elementor-element-82d2ac5 e-con-full e-flex e-con e-child\" data-id=\"82d2ac5\" data-element_type=\"container\" data-e-type=\"container\">\n\t\t\t\t<div class=\"elementor-element elementor-element-7bc7a2d elementor-widget__width-initial elementor-widget elementor-widget-title\" data-id=\"7bc7a2d\" data-element_type=\"widget\" data-e-type=\"widget\" data-widget_type=\"title.default\">\n\t\t\t\t<div class=\"elementor-widget-container\">\n\t\t\t\t\t        <div class=\"theme-title style-1 text-white text-center\">\r\n                        <h2 class=\"text-anime-style\">\u00c7al\u0131\u015fma Alanlar\u0131m\u0131z<\/h2>\r\n            <div><\/div>\r\n        <\/div>\r\n        \t\t\t\t<\/div>\n\t\t\t\t<\/div>\n\t\t\t\t<\/div>\n\t\t<div class=\"elementor-element elementor-element-9a3d795 e-grid e-con-full e-con e-child\" data-id=\"9a3d795\" data-element_type=\"container\" data-e-type=\"container\">\n\t\t\t\t<div class=\"elementor-element elementor-element-a5288f7 elementor-widget elementor-widget-ht-service\" data-id=\"a5288f7\" data-element_type=\"widget\" data-e-type=\"widget\" data-widget_type=\"ht-service.default\">\n\t\t\t\t<div class=\"elementor-widget-container\">\n\t\t\t\t\t<div class=\"row service-active our-service-grid\" style=\"margin-left:-15px; margin-right:-15px;\"><div class=\"col-lg-4\" style=\"padding-left:15px; padding-right:15px; margin-bottom:30px;\"><div class=\"service-item style-3\">\r\n    <div class=\"service-icon-wrap\">\r\n                        <div class=\"service-icon\">\r\n                    <i aria-hidden=\"true\" class=\"flaticon flaticon-orthopedics\"><\/i>                <\/div>\r\n            \r\n                    <div class=\"service-title\">\r\n            <h4>\r\n                <a href=\"\/service-details\" \r\n                   target=\"_self\">\r\n                    Aile Hukuku                <\/a>\r\n            <\/h4>\r\n        <\/div>\r\n        <\/div>\r\n    \r\n    <div class=\"service-desc\">\r\n\r\n        \r\n\r\n            <p style=\"-webkit-line-clamp: 2;\">Focuses on the diagnosis, treatment, and rehabilitation of conditions affecting the bones, joints, muscles, and ligaments\u2014helping restore mobility and improve quality of life.<\/p>\r\n    \r\n            <a href=\"\/service-details\"\r\n               class=\"themeht-btn outline-white-btn\"\r\n               target=\"_self\">\r\n                    <span class=\"btn-icon\">\r\n                      <i class=\"flaticon-right-arrow-1\"><\/i>\r\n                      <i class=\"flaticon-right-arrow-1\"><\/i>\r\n                    <\/span>\r\n                    <span class=\"btn-text\">Explore Service<\/span>\r\n                  <\/a>\r\n    \r\n    <div class=\"ht-divider\"><\/div>\r\n\r\n            <\/div>\r\n<\/div>\r\n<\/div><div class=\"col-lg-4\" style=\"padding-left:15px; padding-right:15px; margin-bottom:30px;\"><div class=\"service-item style-3\">\r\n    <div class=\"service-icon-wrap\">\r\n                        <div class=\"service-icon\">\r\n                    <i aria-hidden=\"true\" class=\"flaticon flaticon-diagnostic\"><\/i>                <\/div>\r\n            \r\n                    <div class=\"service-title\">\r\n            <h4>\r\n                <a href=\"\/service-details\" \r\n                   target=\"_self\">\r\n                    Miras Hukuku                <\/a>\r\n            <\/h4>\r\n        <\/div>\r\n        <\/div>\r\n    \r\n    <div class=\"service-desc\">\r\n\r\n        \r\n\r\n            <p style=\"-webkit-line-clamp: 2;\">Accurate testing and screening services to detect, monitor, and manage a wide range of health conditions.<\/p>\r\n    \r\n            <a href=\"\/service-details\"\r\n               class=\"themeht-btn outline-white-btn\"\r\n               target=\"_self\">\r\n                    <span class=\"btn-icon\">\r\n                      <i class=\"flaticon-right-arrow-1\"><\/i>\r\n                      <i class=\"flaticon-right-arrow-1\"><\/i>\r\n                    <\/span>\r\n                    <span class=\"btn-text\">Explore Service<\/span>\r\n                  <\/a>\r\n    \r\n    <div class=\"ht-divider\"><\/div>\r\n\r\n            <\/div>\r\n<\/div>\r\n<\/div><div class=\"col-lg-4\" style=\"padding-left:15px; padding-right:15px; margin-bottom:30px;\"><div class=\"service-item style-3\">\r\n    <div class=\"service-icon-wrap\">\r\n                        <div class=\"service-icon\">\r\n                    <i aria-hidden=\"true\" class=\"flaticon flaticon-sugar-blood-level\"><\/i>                <\/div>\r\n            \r\n                    <div class=\"service-title\">\r\n            <h4>\r\n                <a href=\"\/service-details\" \r\n                   target=\"_self\">\r\n                    \u0130\u015f Hukuku                <\/a>\r\n            <\/h4>\r\n        <\/div>\r\n        <\/div>\r\n    \r\n    <div class=\"service-desc\">\r\n\r\n        \r\n\r\n            <p style=\"-webkit-line-clamp: 2;\">Comprehensive management of diabetes through medication, lifestyle changes, and regular monitoring to prevent complications.<\/p>\r\n    \r\n            <a href=\"\/service-details\"\r\n               class=\"themeht-btn outline-white-btn\"\r\n               target=\"_self\">\r\n                    <span class=\"btn-icon\">\r\n                      <i class=\"flaticon-right-arrow-1\"><\/i>\r\n                      <i class=\"flaticon-right-arrow-1\"><\/i>\r\n                    <\/span>\r\n                    <span class=\"btn-text\">Explore Service<\/span>\r\n                  <\/a>\r\n    \r\n    <div class=\"ht-divider\"><\/div>\r\n\r\n            <\/div>\r\n<\/div>\r\n<\/div><div class=\"col-lg-4\" style=\"padding-left:15px; padding-right:15px; margin-bottom:30px;\"><div class=\"service-item style-3\">\r\n    <div class=\"service-icon-wrap\">\r\n                        <div class=\"service-icon\">\r\n                    <i aria-hidden=\"true\" class=\"flaticon flaticon-family\"><\/i>                <\/div>\r\n            \r\n                    <div class=\"service-title\">\r\n            <h4>\r\n                <a href=\"\/service-details\" \r\n                   target=\"_self\">\r\n                    Ceza Hukuku                <\/a>\r\n            <\/h4>\r\n        <\/div>\r\n        <\/div>\r\n    \r\n    <div class=\"service-desc\">\r\n\r\n        \r\n\r\n            <p style=\"-webkit-line-clamp: 2;\">One of the defining features of family medicine is the continuity of care\u2014physicians often build long-term relationships with patients and their families.<\/p>\r\n    \r\n            <a href=\"\/service-details\"\r\n               class=\"themeht-btn outline-white-btn\"\r\n               target=\"_self\">\r\n                    <span class=\"btn-icon\">\r\n                      <i class=\"flaticon-right-arrow-1\"><\/i>\r\n                      <i class=\"flaticon-right-arrow-1\"><\/i>\r\n                    <\/span>\r\n                    <span class=\"btn-text\">Explore Service<\/span>\r\n                  <\/a>\r\n    \r\n    <div class=\"ht-divider\"><\/div>\r\n\r\n            <\/div>\r\n<\/div>\r\n<\/div><div class=\"col-lg-4\" style=\"padding-left:15px; padding-right:15px; margin-bottom:30px;\"><div class=\"service-item style-3\">\r\n    <div class=\"service-icon-wrap\">\r\n                        <div class=\"service-icon\">\r\n                    <i aria-hidden=\"true\" class=\"flaticon flaticon-neurology-1\"><\/i>                <\/div>\r\n            \r\n                    <div class=\"service-title\">\r\n            <h4>\r\n                <a href=\"\/service-details\" \r\n                   target=\"_self\">\r\n                    Bor\u00e7lar Hukuku                <\/a>\r\n            <\/h4>\r\n        <\/div>\r\n        <\/div>\r\n    \r\n    <div class=\"service-desc\">\r\n\r\n        \r\n\r\n            <p style=\"-webkit-line-clamp: 2;\">Neurology is the branch of medicine that focuses on the diagnosis, treatment, and management of disorders related to the nervous system.<\/p>\r\n    \r\n            <a href=\"\/service-details\"\r\n               class=\"themeht-btn outline-white-btn\"\r\n               target=\"_self\">\r\n                    <span class=\"btn-icon\">\r\n                      <i class=\"flaticon-right-arrow-1\"><\/i>\r\n                      <i class=\"flaticon-right-arrow-1\"><\/i>\r\n                    <\/span>\r\n                    <span class=\"btn-text\">Explore Service<\/span>\r\n                  <\/a>\r\n    \r\n    <div class=\"ht-divider\"><\/div>\r\n\r\n            <\/div>\r\n<\/div>\r\n<\/div><div class=\"col-lg-4\" style=\"padding-left:15px; padding-right:15px; margin-bottom:30px;\"><div class=\"service-item style-3\">\r\n    <div class=\"service-icon-wrap\">\r\n                        <div class=\"service-icon\">\r\n                    <i aria-hidden=\"true\" class=\"flaticon flaticon-health\"><\/i>                <\/div>\r\n            \r\n                    <div class=\"service-title\">\r\n            <h4>\r\n                <a href=\"\/service-details\" \r\n                   target=\"_self\">\r\n                    Rekabet Hukuku                <\/a>\r\n            <\/h4>\r\n        <\/div>\r\n        <\/div>\r\n    \r\n    <div class=\"service-desc\">\r\n\r\n        \r\n\r\n            <p style=\"-webkit-line-clamp: 2;\">It recognizes that health is influenced by a combination of physical, emotional, mental, social, and spiritual factors.<\/p>\r\n    \r\n            <a href=\"\/service-details\"\r\n               class=\"themeht-btn outline-white-btn\"\r\n               target=\"_self\">\r\n                    <span class=\"btn-icon\">\r\n                      <i class=\"flaticon-right-arrow-1\"><\/i>\r\n                      <i class=\"flaticon-right-arrow-1\"><\/i>\r\n                    <\/span>\r\n                    <span class=\"btn-text\">Explore Service<\/span>\r\n                  <\/a>\r\n    \r\n    <div class=\"ht-divider\"><\/div>\r\n\r\n            <\/div>\r\n<\/div>\r\n<\/div><\/div>\t\t\t\t<\/div>\n\t\t\t\t<\/div>\n\t\t\t\t<\/div>\n\t\t\t\t<\/div>\n\t\t\t\t<\/div>\n\t\t","protected":false},"excerpt":{"rendered":"<p>Hukukukn \u00fcst\u00fcnl\u00fc\u011f\u00fc i\u00e7int\u00fcm g\u00fcc\u00fcm\u00fczle \u00e7al\u0131\u015f\u0131yoruz 13 Y\u0131ll\u0131k hukuksal tecr\u00fcbe Avukatlar\u0131m\u0131z We\u2019re committed to offering compassionate and comprehensive healthcare tailored to your needs. At Mednix, your health is our priority every step of the way. Our expert team combines state-of-the-art technology with personalized care to provide treatments designed around your unique health needs. Let\u2019s create something [&hellip;]<\/p>\n","protected":false},"author":1,"featured_media":0,"parent":0,"menu_order":0,"comment_status":"closed","ping_status":"closed","template":"","meta":{"footnotes":""},"class_list":["post-15038","page","type-page","status-publish","hentry"],"_links":{"self":[{"href":"https:\/\/avukatsitesi.webboll.com\/index.php\/wp-json\/wp\/v2\/pages\/15038","targetHints":{"allow":["GET"]}}],"collection":[{"href":"https:\/\/avukatsitesi.webboll.com\/index.php\/wp-json\/wp\/v2\/pages"}],"about":[{"href":"https:\/\/avukatsitesi.webboll.com\/index.php\/wp-json\/wp\/v2\/types\/page"}],"author":[{"embeddable":true,"href":"https:\/\/avukatsitesi.webboll.com\/index.php\/wp-json\/wp\/v2\/users\/1"}],"replies":[{"embeddable":true,"href":"https:\/\/avukatsitesi.webboll.com\/index.php\/wp-json\/wp\/v2\/comments?post=15038"}],"version-history":[{"count":4,"href":"https:\/\/avukatsitesi.webboll.com\/index.php\/wp-json\/wp\/v2\/pages\/15038\/revisions"}],"predecessor-version":[{"id":15109,"href":"https:\/\/avukatsitesi.webboll.com\/index.php\/wp-json\/wp\/v2\/pages\/15038\/revisions\/15109"}],"wp:attachment":[{"href":"https:\/\/avukatsitesi.webboll.com\/index.php\/wp-json\/wp\/v2\/media?parent=15038"}],"curies":[{"name":"wp","href":"https:\/\/api.w.org\/{rel}","templated":true}]}}